  {"id":74,"date":"2018-10-24T11:39:51","date_gmt":"2018-10-24T15:39:51","guid":{"rendered":"http:\/\/www.montclair.edu\/iapc\/?page_id=74"},"modified":"2023-03-15T14:15:29","modified_gmt":"2023-03-15T18:15:29","slug":"thinking-the-journal-of-philosophy-for-children","status":"publish","type":"page","link":"https:\/\/www.montclair.edu\/iapc\/thinking-the-journal-of-philosophy-for-children\/","title":{"rendered":"Thinking: The Journal of Philosophy for Children"},"content":{"rendered":"<p>All complete volumes of\u00a0<em>Thinking: The Journal of Philosophy for Children<\/em>\u00a0(Vols. 1-20) are available for free download from the\u00a0<a rel=\"noopener\" href=\"https:\/\/digitalcommons.montclair.edu\/thinking_journal_philosophy_children\/\" target=\"_blank\" data-saferedirecturl=\"https:\/\/www.google.com\/url?q=https:\/\/digitalcommons.montclair.edu\/thinking_journal_philosophy_children\/&amp;source=gmail&amp;ust=1678990377984000&amp;usg=AOvVaw2VSxAXoz9bT4mxmY3koecG\">IAPC Digital Commons website<\/a>. This site does not provide a search function, but the journal can be searched for author names and key words at the\u00a0<a rel=\"noopener\" href=\"https:\/\/www.pdcnet.org\/thinking\" target=\"_blank\" data-saferedirecturl=\"https:\/\/www.google.com\/url?q=https:\/\/www.pdcnet.org\/thinking&amp;source=gmail&amp;ust=1678990377984000&amp;usg=AOvVaw1xIUosVMiJ5Ujnv_E1rD_5\">Philosophy Documentation Center<\/a>, where subscribers can also download individual articles.<\/p>\n<p>\u200c<span class=\"normal\"><strong><em>Thinking: The Journal of Philosophy for Children<\/em><\/strong> was published from 1979 through 2014 by the <a href=\"\/iapc\">Institute for the Advancement of Philosophy for Children (IAPC)<\/a>, a non-profit educational institute at 精品成人福利在线 University. The journal was a forum for the work of both theorists and practitioners of philosophical practice with children, and published such work in all forms, including philosophical argument and reflection, classroom transcripts, curricula, empirical research and reports from the field. The journal also maintained a tradition in publishing articles in the hermeneutics of childhood, a field of intersecting disciplines including cultural studies, social history, philosophy, art, literature and psychoanalysis.<\/span>\u200c <em>Thinking<\/em> ended with Volume 20, Nos. 3-4 (2014) and the IAPC is no longer taking subscriptions or submissions for publication<\/p>\n<p><a href=\"http:\/\/www.montclair.edu\/iapc\/wp-content\/uploads\/sites\/200\/2019\/03\/Thinking-Journal-Complete-Index-Vols1-20.pdf\">Index of Thinking Volumes<\/a><\/p>\n<h2><em>Thinking<\/em> Editorial Staff<\/h2>\n<p>(This list does not include typographers, photographers, circulation assistants and promotional assistants)<\/p>\n<h3><strong>Publishers:<\/strong><\/h3>\n<ul>\n<li>Joseph Oyler (2009-2014)<\/li>\n<li>Joanne Matkowski (2000-2009)<\/li>\n<li>First Mountain Foundation (1981-1987)<\/li>\n<li>Institute for the Advancement of Philosophy for Children (1979-1981; 1988-2000)<\/li>\n<\/ul>\n<h3><strong>Editors:<\/strong><\/h3>\n<ul>\n<li>F\u00e9lix Garc\u00eda Moriy\u00f3n, Professor of Philosophy, Madrid, Spain (2006-2014)<\/li>\n<li>Tom Lardner, Spanish Center of Philosophy for Children, Spain (2006-2008)<\/li>\n<li>David Kennedy, Department of Educational Foundations, 精品成人福利在线 University (1998-2006)<\/li>\n<li>Matthew Lipman, Department of Philosophy, 精品成人福利在线 College \/ University (1979-1998)<\/li>\n<\/ul>\n<h3><strong>Associate Editors:<\/strong><\/h3>\n<ul>\n<li>David Kennedy, Department of Educational Foundations, 精品成人福利在线 University (1998)<\/li>\n<li>Ann Margaret Sharp, Department of Educational Foundations, 精品成人福利在线 College \/ University (1979-2001)<\/li>\n<\/ul>\n<h3>Assistant Editors:<\/h3>\n<ul>\n<li>Joseph Oyler, IAPC Programs Coordinator, Graduate Assistant (2007-2014)<\/li>\n<li>Nathan Brubaker, Graduate Assistant, 精品成人福利在线 University (2002-2006)<\/li>\n<li>James Heinegg, Graduate Assistant, 精品成人福利在线 University (1992-1994)<\/li>\n<li>Ann Gazzard, Visiting Scholar, Assistant to IAPC Director, 精品成人福利在线 College (1988-1992)<\/li>\n<li>Frederick S. Oscanyan, Department of Philosophy, Berea College (1979)<\/li>\n<\/ul>\n<h3>Reviews Editors:<\/h3>\n<ul>\n<li>Megan Laverty, Associate Professor, Teachers College, Columbia University (2009-2014)<\/li>\n<li>Philip C. Guin, Director, Center for the Teaching of Reasoning \/ IAPC, 精品成人福利在线 College (1979-1980)<\/li>\n<\/ul>\n<h3>Contributing Editors:<\/h3>\n<ul>\n<li><a href=\"mailto:shea0017@umn.edu\">Peter Shea<\/a>, Philosophy Professor, Gustavus Adolphus College and Minnesota State University (2006-2014)<\/li>\n<li>Matthew Lipman, Department of Philosophy, 精品成人福利在线 University (1998-2001)<\/li>\n<li>Barry Beyer, George Mason University (1991-1997)<\/li>\n<li>John Nisbet, Department of Education, University of Aberdeen (1991-1994)<\/li>\n<li>Gareth Matthews, Department of Philosophy, University of Massachusetts at Amherst (1979-2006)<\/li>\n<\/ul>\n<h3>Editorial Advisors:<\/h3>\n<ul>\n<li>Matthew Lipman, Professor Emeritus, 精品成人福利在线 University (2001-2009)<\/li>\n<li>Adrian DuPuis, School of Education, Marquette University (1979-2001)<\/li>\n<li>Frederick S. Oscanyan, Department of Philosophy, Berea College (1979-1990)<\/li>\n<\/ul>\n<h3>Editorial Assistants:<\/h3>\n<ul>\n<li>Miriam Minkowitz, Center for the Teaching of Reasoning \/ IAPC, 精品成人福利在线 College (1979-1980)<\/li>\n<li>Philip C. Guin, Director, Center for the Teaching of Reasoning \/ IAPC, 精品成人福利在线 College (1979-1980)<\/li>\n<\/ul>\n<h3>Editorial Review Board:<\/h3>\n<ul>\n<li><a href=\"mailto:turgeon@optonline.net\">Wendy Turgeon<\/a>, USA (2008-2014)<\/li>\n<li><a href=\"mailto:marie-france.daniel@umontreal.ca\">Marie-France Daniel<\/a>, Canada (2008-2014)<\/li>\n<li><a href=\"mailto:kennedyd@montclair.edu\">David Kennedy<\/a>, USA (2006-2014)<\/li>\n<li><a href=\"mailto:camhy@gewi.kfunigraz.ac.at\">Daniela Cahmy<\/a>, Austria (2006-2014)<\/li>\n<li><a href=\"mailto:beate.borresen@lu.hio.no\">Beate B\u00f8rresen<\/a>, Norway (2006-2014)<\/li>\n<li><a href=\"mailto:malmhester@bredband.net\">Bo Malmhester<\/a>, Norway (2006-2014)<\/li>\n<li><a href=\"mailto:rogersutcliffe@bulldoghome.com\">Roger Sutcliffe<\/a>, United Kingdom (2006-2014)<\/li>\n<li><a href=\"mailto:karin@dialogueworks.co.uk\">Karin Murris<\/a>, United Kingdom \/ South Africa (2006-2014)<\/li>\n<li><a href=\"mailto:p.cam@unsw.edu.au\">Phillip Cam<\/a>, Australia (2002-2014)<\/li>\n<li><a href=\"mailto:cosant@libero.it\">Antonio Cosentino<\/a>, Italy (2002-2014)<\/li>\n<li><a href=\"mailto:jecer@yahoo.com\">Eugenio Echeverr\u00eda<\/a>, Mexico (2002-2014)<\/li>\n<li><a href=\"mailto:walterko@uol.com.br\">Walter Kohan<\/a>, Brazil (2002-2014)<\/li>\n<li><a href=\"mailto:jen@mandelschool.org.il\">Jen Glaser<\/a>, Israel (2002-2008)<\/li>\n<li>Pavel Lushyn, Ukraine (2002-2006)<\/li>\n<li><a href=\"mailto:fgam0044@ficus.pntic.mec.es\">Felix Garc\u00eda Moriy\u00f3n<\/a>, Spain (2002-2006)<\/li>\n<\/ul>\n","protected":false},"excerpt":{"rendered":"<p>All complete volumes of\u00a0Thinking: The Journal of Philosophy for Children\u00a0(Vols. 1-20) are available for free download from the\u00a0IAPC Digital Commons website. This site does not provide a search function, but the journal can be searched for author names and key words at the\u00a0Philosophy Documentation Center, where subscribers can also download individual articles. \u200cThinking: The Journal [&hellip;]<\/p>\n","protected":false},"author":37,"featured_media":177,"parent":0,"menu_order":100,"comment_status":"closed","ping_status":"closed","template":"","meta":{"inline_featured_image":false,"footnotes":""},"class_list":["post-74","page","type-page","status-publish","has-post-thumbnail","hentry"],"_links":{"self":[{"href":"https:\/\/www.montclair.edu\/iapc\/wp-json\/wp\/v2\/pages\/74","targetHints":{"allow":["GET"]}}],"collection":[{"href":"https:\/\/www.montclair.edu\/iapc\/wp-json\/wp\/v2\/pages"}],"about":[{"href":"https:\/\/www.montclair.edu\/iapc\/wp-json\/wp\/v2\/types\/page"}],"author":[{"embeddable":true,"href":"https:\/\/www.montclair.edu\/iapc\/wp-json\/wp\/v2\/users\/37"}],"replies":[{"embeddable":true,"href":"https:\/\/www.montclair.edu\/iapc\/wp-json\/wp\/v2\/comments?post=74"}],"version-history":[{"count":3,"href":"https:\/\/www.montclair.edu\/iapc\/wp-json\/wp\/v2\/pages\/74\/revisions"}],"predecessor-version":[{"id":868,"href":"https:\/\/www.montclair.edu\/iapc\/wp-json\/wp\/v2\/pages\/74\/revisions\/868"}],"wp:featuredmedia":[{"embeddable":true,"href":"https:\/\/www.montclair.edu\/iapc\/wp-json\/wp\/v2\/media\/177"}],"wp:attachment":[{"href":"https:\/\/www.montclair.edu\/iapc\/wp-json\/wp\/v2\/media?parent=74"}],"curies":[{"name":"wp","href":"https:\/\/api.w.org\/{rel}","templated":true}]}}