  {"id":25,"date":"2017-08-07T16:41:53","date_gmt":"2017-08-07T16:41:53","guid":{"rendered":"https:\/\/www.montclair.edu\/spanish-and-latino-studies\/?page_id=25"},"modified":"2025-11-21T15:45:07","modified_gmt":"2025-11-21T20:45:07","slug":"spanish-programs","status":"publish","type":"page","link":"https:\/\/www.montclair.edu\/spanish-and-latino-studies\/programs-of-study\/spanish-programs\/","title":{"rendered":"Spanish Programs"},"content":{"rendered":"<p>Welcome to the Spanish Program at 精品成人福利在线 University, an exciting intellectual, personal, and professional adventure that offers you multiple possibilities for future careers and cultural enrichment. <a href=\"#program-list\">Jump to the list of programs.<\/a><\/p>\n<h2>Why should you study Spanish?<\/h2>\n<ul>\n<li>Almost 500 million people in the world speak Spanish.<\/li>\n<li>Spanish is the third most commonly spoken language in the world.<\/li>\n<li>Spanish is spoken by half of the population in the Western world.<\/li>\n<li>Spanish is the official language of 21 countries in the world.<\/li>\n<li>The United States has the fifth largest Hispanic population worldwide with more than 44 million Hispanics.<\/li>\n<li>In the U.S. more job opportunities are increasing for those who are fluent in both Spanish and English due to the constant growth of the U.S. Hispanic population.<\/li>\n<li>10 Nobel Literature Prizes have been awarded to Spanish-speaking authors, with the most recent one Peruvian writer Mario Vargas Llosa (2010).<\/li>\n<li>Spanish is fun!\u00a0 Spanish opens up opportunities to experience different aspects of the language such as reading\u00a0<em>Cien a\u00f1os de soledad<\/em>\u00a0by Gabriel Garc\u00eda M\u00e1rquez, watching the best films of Pedro Almod\u00f3var, listening to the songs of Celia Cruz, Juanes, and the Buena Vista Social Club, and conversing with people from many countries and cultural backgrounds.<\/li>\n<\/ul>\n<h2>Why should you study Spanish at 精品成人福利在线 University?<\/h2>\n<p>The Spanish program prides itself on offering students multiple courses of study, careful mentoring by devoted faculty, enriching cultural activities and a nationally recognized chapter of the Hispanic Honor Society.<\/p>\n<p>Here are some top reasons to study Spanish at 精品成人福利在线 University:<\/p>\n<ul>\n<li>You can choose from among three possible Spanish majors, two combined degrees, two minors, an undergraduate certificate program in Spanish translation, and five graduate programs.<\/li>\n<li>The Spanish faculty, eminent Hispanists representing six different nationalities, is committed to offering exciting courses in literature, cultural studies, film, Hispanic linguistics, translation, and interpreting.<\/li>\n<li>The Spanish faculty provides mentoring for all Spanish majors and minors, guiding them with care through their undergraduate studies and beyond, and celebrating their achievements and successes in our department newsletter and reception for graduates.<\/li>\n<li>Students will have the opportunity to meet writers, film directors, actors, and visiting lecturers from many countries of the Hispanic world and to spend quality time with them over lunch, dinner, and special receptions.<\/li>\n<\/ul>\n<h2 id=\"program-list\">Undergraduate Programs<\/h2>\n<ul>\n<li><a href=\"https:\/\/www.montclair.edu\/academics\/programs\/ba-spanish\/\">BA in Spanish<\/a><\/li>\n<li><a href=\"https:\/\/www.montclair.edu\/combined-programs\/programs-of-study\/spanish-combined-ba-ma\/\">Combined BA in Spanish\/MA in Spanish<\/a><\/li>\n<li><a href=\"https:\/\/www.montclair.edu\/academics\/programs\/ba-spanish\/\">Minor in Spanish<\/a><\/li>\n<li><a href=\"https:\/\/www.montclair.edu\/academics\/programs\/spanish-translation-certificate\/\">Spanish Translation Certificate<\/a><\/li>\n<\/ul>\n<h2>Graduate Programs<\/h2>\n<ul>\n<li><a href=\"https:\/\/www.montclair.edu\/academics\/programs\/ma-spanish\/\">MA in Spanish<\/a><\/li>\n<li><a href=\"https:\/\/www.montclair.edu\/academics\/programs\/translation-and-interpreting-in-spanish-certificate\/\">Translation and Interpreting in Spanish Certificate<\/a><\/li>\n<li><a href=\"https:\/\/www.montclair.edu\/academics\/programs\/spanish-for-health-professionals-certificate\/\">Spanish for Health Professionals Certificate<\/a><\/li>\n<li><a href=\"https:\/\/www.montclair.edu\/academics\/programs\/mat-teaching\/\">MAT Master of Arts in Teaching with Spanish Subject Area Certification<\/a><\/li>\n<\/ul>\n","protected":false},"excerpt":{"rendered":"<p>Welcome to the Spanish Program at 精品成人福利在线 University, an exciting intellectual, personal, and professional adventure that offers you multiple possibilities for future careers and cultural enrichment. Jump to the list of programs. Why should you study Spanish? Almost 500 million people in the world speak Spanish. Spanish is the third most commonly spoken language [&hellip;]<\/p>\n","protected":false},"author":26,"featured_media":326,"parent":11,"menu_order":1,"comment_status":"closed","ping_status":"closed","template":"","meta":{"inline_featured_image":false,"footnotes":""},"class_list":["post-25","page","type-page","status-publish","has-post-thumbnail","hentry"],"_links":{"self":[{"href":"https:\/\/www.montclair.edu\/spanish-and-latino-studies\/wp-json\/wp\/v2\/pages\/25","targetHints":{"allow":["GET"]}}],"collection":[{"href":"https:\/\/www.montclair.edu\/spanish-and-latino-studies\/wp-json\/wp\/v2\/pages"}],"about":[{"href":"https:\/\/www.montclair.edu\/spanish-and-latino-studies\/wp-json\/wp\/v2\/types\/page"}],"author":[{"embeddable":true,"href":"https:\/\/www.montclair.edu\/spanish-and-latino-studies\/wp-json\/wp\/v2\/users\/26"}],"replies":[{"embeddable":true,"href":"https:\/\/www.montclair.edu\/spanish-and-latino-studies\/wp-json\/wp\/v2\/comments?post=25"}],"version-history":[{"count":22,"href":"https:\/\/www.montclair.edu\/spanish-and-latino-studies\/wp-json\/wp\/v2\/pages\/25\/revisions"}],"predecessor-version":[{"id":1337,"href":"https:\/\/www.montclair.edu\/spanish-and-latino-studies\/wp-json\/wp\/v2\/pages\/25\/revisions\/1337"}],"up":[{"embeddable":true,"href":"https:\/\/www.montclair.edu\/spanish-and-latino-studies\/wp-json\/wp\/v2\/pages\/11"}],"wp:featuredmedia":[{"embeddable":true,"href":"https:\/\/www.montclair.edu\/spanish-and-latino-studies\/wp-json\/wp\/v2\/media\/326"}],"wp:attachment":[{"href":"https:\/\/www.montclair.edu\/spanish-and-latino-studies\/wp-json\/wp\/v2\/media?parent=25"}],"curies":[{"name":"wp","href":"https:\/\/api.w.org\/{rel}","templated":true}]}}